{"id":5483,"date":"2026-05-05T17:20:00","date_gmt":"2026-05-05T15:20:00","guid":{"rendered":"https:\/\/www.matchangler.de\/?page_id=5483"},"modified":"2026-05-06T10:19:55","modified_gmt":"2026-05-06T08:19:55","slug":"vertrag-widerrufen","status":"publish","type":"page","link":"https:\/\/www.matchangler.de\/?page_id=5483","title":{"rendered":"Vertrag widerrufen"},"content":{"rendered":"<form class=\"woocommerce-form woocommerce-form-order-withdrawal-request order-withdrawal-request\" method=\"post\">\n\t\n\t<div class=\"eu-owb-notice-wrapper\"><\/div>\n\n\t<div class=\"eu-owb-form-fields\">\n\t\t\t\t\t<div class=\"form-row form-row-first\">\n\t\t\t\t<label for=\"order-withdrawal-request-order-number\">Bestellnummer<\/label>\n\t\t\t\t<input type=\"text\" class=\"input-text\" name=\"order_number\" id=\"order-withdrawal-request-order-number\" autocomplete=\"off\" \/>\n\t\t\t<\/div>\n\n\t\t\t<div class=\"form-row form-row-last\">\n\t\t\t\t<label for=\"order-withdrawal-request-email\">E-Mail&nbsp;<span class=\"required\">*<\/span><\/label>\n\t\t\t\t<input type=\"text\" class=\"input-text\" name=\"email\" id=\"order-withdrawal-request-email\" autocomplete=\"email\" \/>\n\t\t\t<\/div>\n\n\t\t\t<div class=\"form-row form-row-first\">\n\t\t\t\t<label for=\"order-withdrawal-request-first-name\">Vorname<\/label>\n\t\t\t\t<input type=\"text\" class=\"input-text\" name=\"first_name\" id=\"order-withdrawal-request-first-name\" autocomplete=\"off\" \/>\n\t\t\t<\/div>\n\n\t\t\t<div class=\"form-row form-row-last\">\n\t\t\t\t<label for=\"order-withdrawal-request-last-name\">Nachname<\/label>\n\t\t\t\t<input type=\"text\" class=\"input-text\" name=\"last_name\" id=\"order-withdrawal-request-last-name\" autocomplete=\"off\" \/>\n\t\t\t<\/div>\n\n\t\t\t<div class=\"clear\"><\/div>\n\n\t\t\t\t\t\t\t<div class=\"order-supports-partial-withdrawal hidden\">\n\t\t\t\t\t<div class=\"form-row form-row-full\">\n\t\t\t\t\t\t<label class=\"woocommerce-form__label woocommerce-form__label-for-checkbox checkbox\" for=\"manually-select-items\">\n\t\t\t\t\t\t\t<input type=\"checkbox\" class=\"woocommerce-form__input woocommerce-form__input-checkbox input-checkbox\" name=\"manually_select_items\"  id=\"manually-select-items\" \/>\n\t\t\t\t\t\t\t<span class=\"eu-owb-woocommerce-select-certain-items-text\">Ich m\u00f6chte bestimmte Positionen f\u00fcr den Widerruf ausw\u00e4hlen.<\/span>\n\t\t\t\t\t\t\t<span class=\"notice eu-owb-woocommerce-select-certain-items-desc\">Du erh\u00e4ltst eine E-Mail-Best\u00e4tigung \u00fcber den Eingang des Widerrufs. In dieser E-Mail findest du einen Link, \u00fcber den du die Artikel f\u00fcr den Widerruf ausw\u00e4hlen kannst.<\/span>\n\t\t\t\t\t\t<\/label>\n\t\t\t\t\t<\/div>\n\t\t\t\t<\/div>\n\t\t\t\n\t\t\t\t\t\t\t<\/div>\n\n\t\n\t\t\t<div class=\"form-row form-row-submit\">\n\t\t\t<input type=\"hidden\" id=\"_wpnonce\" name=\"_wpnonce\" value=\"7a79119cfd\" \/><input type=\"hidden\" name=\"_wp_http_referer\" value=\"\/index.php?rest_route=%2Fwp%2Fv2%2Fpages%2F5483\" \/>\t\t\t<button type=\"submit\" class=\"woocommerce-button button woocommerce-form-return_request__submit\" name=\"order_withdrawal_request\" value=\"Widerruf best\u00e4tigen\">Widerruf best\u00e4tigen<\/button>\n\t\t<\/div>\n\t\n\t<div class=\"clear\"><\/div>\n\t<\/form>\n\n\n\n<pre class=\"wp-block-code\"><code>Widerrufsbelehrung\n--------------------------------------\n\nVerbrauchern steht ein Widerrufsrecht nach folgender Ma\u00dfgabe zu, wobei Verbraucher jede nat\u00fcrliche Person ist, die ein Rechtsgesch\u00e4ft zu Zwecken abschlie\u00dft, die \u00fcberwiegend weder ihrer gewerblichen noch ihrer selbst\u00e4ndigen beruflichen T\u00e4tigkeit zugerechnet werden k\u00f6nnen:\n\nWiderrufsrecht\nSie haben das Recht, binnen vierzehn Tagen ohne Angabe von Gr\u00fcnden diesen Vertrag zu widerrufen.\nDie Widerrufsfrist betr\u00e4gt vierzehn Tage ab dem Tag, an dem Sie oder ein von Ihnen benannter Dritter, der nicht der Bef\u00f6rderer ist, die letzte Ware in Besitz genommen haben bzw. hat.\n\nZur Wahrung der Widerrufsfrist reicht es aus, dass Sie die Mitteilung \u00fcber die Aus\u00fcbung des Widerrufsrechts vor Ablauf der Widerrufsfrist absenden.\n\nFolgen des Widerrufs\nWenn Sie diesen Vertrag widerrufen, haben wir Ihnen alle Zahlungen, die wir von Ihnen erhalten haben, einschlie\u00dflich der Lieferkosten (mit Ausnahme der zus\u00e4tzlichen Kosten, die sich daraus ergeben, dass Sie eine andere Art der Lieferung als die von uns angebotene, g\u00fcnstigste Standardlieferung gew\u00e4hlt haben), unverz\u00fcglich und sp\u00e4testens binnen vierzehn Tagen ab dem Tag zur\u00fcckzuzahlen, an dem die Mitteilung \u00fcber Ihren Widerruf dieses Vertrags bei uns eingegangen ist. F\u00fcr diese R\u00fcckzahlung verwenden wir dasselbe Zahlungsmittel, das Sie bei der urspr\u00fcnglichen Transaktion eingesetzt haben, es sei denn, mit Ihnen wurde ausdr\u00fccklich etwas anderes vereinbart; in keinem Fall werden Ihnen wegen dieser R\u00fcckzahlung Entgelte berechnet. Wir k\u00f6nnen die R\u00fcckzahlung verweigern, bis wir die Waren wieder zur\u00fcckerhalten haben oder bis Sie den Nachweis erbracht haben, dass Sie die Waren zur\u00fcckgesandt haben, je nachdem, welches der fr\u00fchere Zeitpunkt ist.\nSie haben die Waren unverz\u00fcglich und in jedem Fall sp\u00e4testens binnen vierzehn Tagen ab dem Tag, an dem Sie uns \u00fcber den Widerruf dieses Vertrags unterrichten, an uns zur\u00fcckzusenden oder zu \u00fcbergeben. Die Frist ist gewahrt, wenn Sie die Waren vor Ablauf der Frist von vierzehn Tagen absenden.\nSie tragen die unmittelbaren Kosten der R\u00fccksendung der Waren.\nSie m\u00fcssen f\u00fcr einen etwaigen Wertverlust der Waren nur aufkommen, wenn dieser Wertverlust auf einen zur Pr\u00fcfung der Beschaffenheit, Eigenschaften und Funktionsweise der Waren nicht notwendigen Umgang mit ihnen zur\u00fcckzuf\u00fchren ist.\n\nAusschluss bzw. vorzeitiges Erl\u00f6schen des Widerrufsrechts\nDas Widerrufsrecht besteht nicht bei Vertr\u00e4gen zur Lieferung von Zeitungen, Zeitschriften, Illustrierten oder B\u00fccher mit Ausnahme von Abonnement-Vertr\u00e4gen.\nDas Widerrufsrecht erlischt vorzeitig bei Vertr\u00e4gen zur Lieferung von Ton- oder Videoaufnahmen oder Computersoftware in einer versiegelten Packung, wenn die Versiegelung nach der Lieferung entfernt wurde.\n\nWenn Sie den Vertrag widerrufen wollen, senden Sie den Widerruf an\n\nCLARIS-Verlag\nInh.Gabriele Ofenloch Michels\nDie L\u00e4chner 15\n68642 B\u00fcrstadt\nDeutschland\nFax: 06206 \/ 964678\nE-Mail: claris@angelmagazine.de<\/code><\/pre>\n\n\n\n<p><\/p>\n","protected":false},"excerpt":{"rendered":"","protected":false},"author":1,"featured_media":0,"parent":0,"menu_order":0,"comment_status":"closed","ping_status":"closed","template":"","meta":{"footnotes":"","_links_to":"","_links_to_target":""},"class_list":["post-5483","page","type-page","status-publish","hentry"],"yoast_head":"<!-- This site is optimized with the Yoast SEO plugin v27.5 - https:\/\/yoast.com\/product\/yoast-seo-wordpress\/ -->\n<title>Vertrag widerrufen -<\/title>\n<meta name=\"robots\" content=\"index, follow, max-snippet:-1, max-image-preview:large, max-video-preview:-1\" \/>\n<link rel=\"canonical\" href=\"https:\/\/www.matchangler.de\/?page_id=5483\" \/>\n<meta property=\"og:locale\" content=\"de_DE\" \/>\n<meta property=\"og:type\" content=\"article\" \/>\n<meta property=\"og:title\" content=\"Vertrag widerrufen -\" \/>\n<meta property=\"og:url\" content=\"https:\/\/www.matchangler.de\/?page_id=5483\" \/>\n<meta property=\"article:modified_time\" content=\"2026-05-06T08:19:55+00:00\" \/>\n<meta name=\"twitter:label1\" content=\"Gesch\u00e4tzte Lesezeit\" \/>\n\t<meta name=\"twitter:data1\" content=\"1\u00a0Minute\" \/>\n<script type=\"application\/ld+json\" class=\"yoast-schema-graph\">{\"@context\":\"https:\\\/\\\/schema.org\",\"@graph\":[{\"@type\":\"WebPage\",\"@id\":\"https:\\\/\\\/www.matchangler.de\\\/?page_id=5483\",\"url\":\"https:\\\/\\\/www.matchangler.de\\\/?page_id=5483\",\"name\":\"Vertrag widerrufen -\",\"isPartOf\":{\"@id\":\"https:\\\/\\\/www.matchangler.de\\\/#website\"},\"datePublished\":\"2026-05-05T15:20:00+00:00\",\"dateModified\":\"2026-05-06T08:19:55+00:00\",\"breadcrumb\":{\"@id\":\"https:\\\/\\\/www.matchangler.de\\\/?page_id=5483#breadcrumb\"},\"inLanguage\":\"de\",\"potentialAction\":[{\"@type\":\"ReadAction\",\"target\":[\"https:\\\/\\\/www.matchangler.de\\\/?page_id=5483\"]}]},{\"@type\":\"BreadcrumbList\",\"@id\":\"https:\\\/\\\/www.matchangler.de\\\/?page_id=5483#breadcrumb\",\"itemListElement\":[{\"@type\":\"ListItem\",\"position\":1,\"name\":\"Startseite\",\"item\":\"https:\\\/\\\/www.matchangler.de\\\/\"},{\"@type\":\"ListItem\",\"position\":2,\"name\":\"Vertrag widerrufen\"}]},{\"@type\":\"WebSite\",\"@id\":\"https:\\\/\\\/www.matchangler.de\\\/#website\",\"url\":\"https:\\\/\\\/www.matchangler.de\\\/\",\"name\":\"\",\"description\":\"DAS MAGAZINE f\u00fcr den FRIEDFISCHANGLER\",\"potentialAction\":[{\"@type\":\"SearchAction\",\"target\":{\"@type\":\"EntryPoint\",\"urlTemplate\":\"https:\\\/\\\/www.matchangler.de\\\/?s={search_term_string}\"},\"query-input\":{\"@type\":\"PropertyValueSpecification\",\"valueRequired\":true,\"valueName\":\"search_term_string\"}}],\"inLanguage\":\"de\"}]}<\/script>\n<!-- \/ Yoast SEO plugin. -->","yoast_head_json":{"title":"Vertrag widerrufen -","robots":{"index":"index","follow":"follow","max-snippet":"max-snippet:-1","max-image-preview":"max-image-preview:large","max-video-preview":"max-video-preview:-1"},"canonical":"https:\/\/www.matchangler.de\/?page_id=5483","og_locale":"de_DE","og_type":"article","og_title":"Vertrag widerrufen -","og_url":"https:\/\/www.matchangler.de\/?page_id=5483","article_modified_time":"2026-05-06T08:19:55+00:00","twitter_misc":{"Gesch\u00e4tzte Lesezeit":"1\u00a0Minute"},"schema":{"@context":"https:\/\/schema.org","@graph":[{"@type":"WebPage","@id":"https:\/\/www.matchangler.de\/?page_id=5483","url":"https:\/\/www.matchangler.de\/?page_id=5483","name":"Vertrag widerrufen -","isPartOf":{"@id":"https:\/\/www.matchangler.de\/#website"},"datePublished":"2026-05-05T15:20:00+00:00","dateModified":"2026-05-06T08:19:55+00:00","breadcrumb":{"@id":"https:\/\/www.matchangler.de\/?page_id=5483#breadcrumb"},"inLanguage":"de","potentialAction":[{"@type":"ReadAction","target":["https:\/\/www.matchangler.de\/?page_id=5483"]}]},{"@type":"BreadcrumbList","@id":"https:\/\/www.matchangler.de\/?page_id=5483#breadcrumb","itemListElement":[{"@type":"ListItem","position":1,"name":"Startseite","item":"https:\/\/www.matchangler.de\/"},{"@type":"ListItem","position":2,"name":"Vertrag widerrufen"}]},{"@type":"WebSite","@id":"https:\/\/www.matchangler.de\/#website","url":"https:\/\/www.matchangler.de\/","name":"","description":"DAS MAGAZINE f\u00fcr den FRIEDFISCHANGLER","potentialAction":[{"@type":"SearchAction","target":{"@type":"EntryPoint","urlTemplate":"https:\/\/www.matchangler.de\/?s={search_term_string}"},"query-input":{"@type":"PropertyValueSpecification","valueRequired":true,"valueName":"search_term_string"}}],"inLanguage":"de"}]}},"_links":{"self":[{"href":"https:\/\/www.matchangler.de\/index.php?rest_route=\/wp\/v2\/pages\/5483","targetHints":{"allow":["GET"]}}],"collection":[{"href":"https:\/\/www.matchangler.de\/index.php?rest_route=\/wp\/v2\/pages"}],"about":[{"href":"https:\/\/www.matchangler.de\/index.php?rest_route=\/wp\/v2\/types\/page"}],"author":[{"embeddable":true,"href":"https:\/\/www.matchangler.de\/index.php?rest_route=\/wp\/v2\/users\/1"}],"replies":[{"embeddable":true,"href":"https:\/\/www.matchangler.de\/index.php?rest_route=%2Fwp%2Fv2%2Fcomments&post=5483"}],"version-history":[{"count":5,"href":"https:\/\/www.matchangler.de\/index.php?rest_route=\/wp\/v2\/pages\/5483\/revisions"}],"predecessor-version":[{"id":5494,"href":"https:\/\/www.matchangler.de\/index.php?rest_route=\/wp\/v2\/pages\/5483\/revisions\/5494"}],"wp:attachment":[{"href":"https:\/\/www.matchangler.de\/index.php?rest_route=%2Fwp%2Fv2%2Fmedia&parent=5483"}],"curies":[{"name":"wp","href":"https:\/\/api.w.org\/{rel}","templated":true}]}}